{"id":1320,"date":"2023-10-21T18:28:33","date_gmt":"2023-10-21T18:28:33","guid":{"rendered":"https:\/\/vidhahotyoga.com\/nueva\/?page_id=1320"},"modified":"2025-09-03T07:24:00","modified_gmt":"2025-09-03T07:24:00","slug":"politica-de-privacidad","status":"publish","type":"page","link":"https:\/\/vidhahotyoga.com\/nueva\/politica-de-privacidad\/","title":{"rendered":"Aviso Legal y Pol\u00edtica de Privacidad"},"content":{"rendered":"\t\t<div data-elementor-type=\"wp-page\" data-elementor-id=\"1320\" class=\"elementor elementor-1320\" data-elementor-post-type=\"page\">\n\t\t\t\t<div class=\"elementor-element elementor-element-ec16085 e-flex e-con-boxed e-con e-parent\" data-id=\"ec16085\" data-element_type=\"container\" data-e-type=\"container\">\n\t\t\t\t\t<div class=\"e-con-inner\">\n\t\t<div class=\"elementor-element elementor-element-67e5c57 e-con-full e-flex e-con e-child\" data-id=\"67e5c57\" data-element_type=\"container\" data-e-type=\"container\">\n\t\t\t\t<div class=\"elementor-element elementor-element-34d6a77 elementor-widget elementor-widget-heading\" data-id=\"34d6a77\" data-element_type=\"widget\" data-e-type=\"widget\" data-widget_type=\"heading.default\">\n\t\t\t\t\t<h1 class=\"elementor-heading-title elementor-size-default\">Aviso Legal y Pol\u00edtica de Privacidad<\/h1>\t\t\t\t<\/div>\n\t\t\t\t<div class=\"elementor-element elementor-element-d009530 elementor-widget elementor-widget-text-editor\" data-id=\"d009530\" data-element_type=\"widget\" data-e-type=\"widget\" data-widget_type=\"text-editor.default\">\n\t\t\t\t\t\t\t\t\t<p class=\"p1\"><b style=\"font-style: inherit; background-color: var(--ast-global-color-4); color: var(--ast-global-color-2);\">T\u00e9rminos y condiciones<\/b><\/p><p class=\"p4\">En cumplimiento de la Ley 34\/2002, de 11 de julio, de servicios de la sociedad de la informaci\u00f3n y de comercio electr\u00f3nico, VIDHA YOGA STUDIO SL, de acuerdo con la exigencia del art\u00edculo 10 de la citada Ley, informa de los siguientes datos: El titular de esta p\u00e1gina web es, VIDHA YOGA STUDIO SL<span class=\"Apple-converted-space\">\u00a0 <\/span>con CIF B56319890 y domicilio social en CALLE TOM\u00c1S PELAYO 30, LOCAL, 50009, ZARAGOZA inscrita en el Registro Mercantil en el tomo 4678, folio 59, secci\u00f3n 8, hoja Z 72822, inscripci\u00f3n o anotaci\u00f3n 1, a\u00f1o 2023.<\/p><p class=\"p4\">La direcci\u00f3n de correo electr\u00f3nico de contacto con la empresa es hola@vidhahotyoga.com<\/p><p class=\"p4\"><b>USUARIO Y R\u00c9GIMEN DE RESPONSABILIDADES<\/b><\/p><p class=\"p4\">El usuario asume su responsabilidad en el uso correcto de las websites. Esta responsabilidad se extender\u00e1 a: La veracidad y licitud de las informaciones aportadas por el usuario en los formularios extendidos por VIDHA YOGA STUDIO SL para el acceso a ciertos contenidos o servicios ofrecidos por las webs.<\/p><p class=\"p4\">VIDHA YOGA STUDIO SL es titular de la base de datos generada con los datos de car\u00e1cter personal suministrados por los usuarios en el proceso de compra de productos a trav\u00e9s de nuestra p\u00e1gina web. VIDHA YOGA STUDIO SL se compromete al cumplimiento de su obligaci\u00f3n de secreto de los datos de car\u00e1cter personal y de su deber de tratarlos con confidencialidad, y a tal fin VIDHA YOGA STUDIO SL adoptar\u00e1 las medidas necesarias para evitar su alteraci\u00f3n, p\u00e9rdida, tratamiento o acceso no autorizado, habida cuenta en todo momento del estado de la tecnolog\u00eda con arreglo a lo previsto en la legislaci\u00f3n vigente en Espa\u00f1a en materia de protecci\u00f3n de datos de car\u00e1cter personal.<\/p><p class=\"p4\">El usuario acepta que los datos personales facilitados en el proceso de compra de nuestros productos sean incorporados a un fichero automatizado, cuya titularidad corresponde a VIDHA YOGA STUDIO SL, con la finalidad de prestar adecuadamente el servicio solicitado, dar cumplimiento a los requisitos de facturaci\u00f3n, contabilidad y auditor\u00eda de la compa\u00f1\u00eda, realizar an\u00e1lisis estad\u00edsticos, verificar tarjetas de cr\u00e9dito y otras tarjetas de pago, as\u00ed como realizar comunicaciones comerciales por correo electr\u00f3nico sobre otros productos que se comercializan a trav\u00e9s de la p\u00e1gina web de VIDHA YOGA STUDIO SL y que<span class=\"Apple-converted-space\">\u00a0 <\/span>VIDHA YOGA STUDIO SL considere que podr\u00edan ser del inter\u00e9s del usuario, por ser similares a los contratados. En caso de que el usuario no desee recibir comunicaciones comerciales por medios electr\u00f3nicos puede dirigirse en cualquier momento a VIDHA YOGA STUDIO SL enviando un correo electr\u00f3nico a la siguiente direcci\u00f3n datos@vidhahotyoga.com El usuario tambi\u00e9n podr\u00e1 ejercer sus derechos sus derechos de acceso, rectificaci\u00f3n, cancelaci\u00f3n y oposici\u00f3n mediante comunicaci\u00f3n escrita, adjuntando fotocopia del DNI o documento identificativo equivalente, ante VIDHA YOGA STUDIO SL. en Tom\u00e1s Pelayo 30, Local, 50009 Zaragoza.<\/p><p class=\"p4\">Asimismo, en los casos en que no sea usted quien se deba beneficiar de la compra efectuada, usted se compromete de forma expresa a obtener el consentimiento de aquellas terceras personas que deban beneficiarse de la misma, antes de comunicar sus datos a VIDHA YOGA STUDIO SL.<\/p><p class=\"p4\">El usuario responder\u00e1, en cualquier caso, de la veracidad de los datos facilitados y se responsabilizar\u00e1 de comunicar a VIDHA YOGA STUDIO SL cualquier modificaci\u00f3n en los mismos, reserv\u00e1ndose VIDHA YOGA STUDIO SL el derecho a excluir de los servicios registrados a todo usuario que haya facilitado datos falsos, sin perjuicio de las dem\u00e1s acciones que procedan en Derecho.<\/p><p class=\"p4\"><b>POL\u00edTICA DE ENLACES Y EXENCIONES DE RESPONSABILIDAD<\/b><\/p><p class=\"p4\">VIDHA YOGA STUDIO SL no se hace responsable del contenido de las p\u00e1ginas web a las que el usuario pueda acceder a trav\u00e9s de los enlaces establecidos en sus websites y declara que en ning\u00fan caso proceder\u00e1 a examinar o ejercitar ning\u00fan tipo de control sobre el contenido de otras p\u00e1ginas de la red. Asimismo, tampoco garantizar\u00e1 la disponibilidad t\u00e9cnica, exactitud, veracidad, validez o legalidad de p\u00e1ginas ajenas a su propiedad a las que se pueda acceder por medio de los enlaces.<\/p><p class=\"p4\">VIDHA YOGA STUDIO SL declara haber adoptado todas las medidas necesarias para evitar cualesquiera datos que, a los usuarios de sus websites, pudieran derivarse de la navegaci\u00f3n por sus p\u00e1ginas web. En consecuencia VIDHA YOGA STUDIO SL no se hace responsable, en ning\u00fan caso, de los eventuales da\u00f1os que por la navegaci\u00f3n por Internet pudiera sufrir el usuario.<\/p><p class=\"p4\"><b>MODIFICACIONES<\/b><\/p><p class=\"p4\">VIDHA YOGA STUDIO SL se reserva el derecho a realizar las modificaciones que considere oportunas, sin aviso previo, en el contenido de sus websites y de sus art\u00edculos expuestos. Tanto en lo referente a los contenidos de las websites, como en las condiciones de uso de las mismas o en las condiciones generales de contrataci\u00f3n. Dichas modificaciones podr\u00e1n realizarse, a trav\u00e9s de sus websites, de cualquier forma admisible en derecho y ser\u00e1n de obligado cumplimiento durante el tiempo en que se encuentren publicadas en la web y hasta que no sean modificadas v\u00e1lidamente por otras posteriores.<\/p><p class=\"p4\"><b>SERVICIOS DE CONTRATACI\u00d3N POR INTERNET<\/b><\/p><p class=\"p4\">Ciertos contenidos de las websites de VIDHA YOGA STUDIO SL contienen la posibilidad de contrataci\u00f3n por Internet. El uso de los mismos requerir\u00e1 la lectura y aceptaci\u00f3n obligatoria de las condiciones generales de contrataci\u00f3n establecidas al efecto por VIDHA YOGA STUDIO SL.<\/p><p class=\"p4\"><b>PROTECCI\u00d3N DE DATOS<\/b><\/p><p class=\"p4\">De conformidad con lo que establece la Ley Org\u00e1nica 15\/1999 de Protecci\u00f3n de Datos de Car\u00e1cter Personal, VIDHA YOGA STUDIO SL informa a los usuarios de sus websites de que los datos personales recabados por la empresa mediante los formularios sitos en sus p\u00e1ginas, ser\u00e1n introducidos en un fichero automatizado bajo la responsabilidad de VIDHA YOGA STUDIO SL con la finalidad de poder facilitar, agilizar y cumplir los compromisos establecidos entre ambas partes.<\/p><p class=\"p4\">As\u00ed mismo, VIDHA YOGA STUDIO SL informa de la posibilidad de ejercer los derechos de acceso, cancelaci\u00f3n, rectificaci\u00f3n y oposici\u00f3n mediante un escrito a la direcci\u00f3n VIDHA YOGA STUDIO SL. en Tom\u00e1s Pelayo 30, Local, 50009 Zaragoza.<\/p><p class=\"p4\">Mientras no nos comunique lo contrario, entenderemos que sus datos no han sido modificados, que usted se compromete a notificarnos cualquier variaci\u00f3n y que tenemos el consentimiento para utilizarlos a fin de poder fidelizar la relaci\u00f3n entre las partes o posibles ofertas de Telemarketing, SMS o Email.<\/p><p class=\"p4\"><b>PROPIEDAD INTELECTUAL<\/b><\/p><p class=\"p4\">Los derechos de propiedad intelectual e industrial derivados de todos los textos, im\u00e1genes, as\u00ed como de los medios y formas de presentaci\u00f3n y montaje de sus p\u00e1ginas pertenecen, por s\u00ed o como cesionaria, a VIDHA YOGA STUDIO SL Ser\u00e1n, por consiguiente, obras protegidas como propiedad intelectual por el ordenamiento jur\u00eddico Espa\u00f1ol, si\u00e9ndoles aplicables tanto la normativa Espa\u00f1ola y comunitaria en este campo, como los tratados internacionales relativos a la materia y suscritos por Espa\u00f1a. Todos los derechos reservados. En cumplimiento de la Ley de la Propiedad Intelectual se proh\u00edbe expresamente la reproducci\u00f3n, distribuci\u00f3n, vinculaci\u00f3n con otras p\u00e1ginas o tiendas on-line, comunicaci\u00f3n p\u00fablica y utilizaci\u00f3n, de la totalidad o parte de los contenidos de sus p\u00e1ginas web sin el consentimiento expreso u autorizaci\u00f3n de VIDHA YOGA STUDIO SL.<\/p><p class=\"p4\"><b>ACCIONES LEGALES, Legislaci\u00f3n APLICABLE Y Jurisdicci\u00f3n<\/b><\/p><p class=\"p4\">VIDHA YOGA STUDIO SL se reserva asimismo la facultad de presentar las acciones civiles o penales que considere oportunas por la utilizaci\u00f3n indebida de sus p\u00e1ginas web y contenidos o por el incumplimiento de las presentes condiciones. La relaci\u00f3n entre el usuario y VIDHA YOGA STUDIO SL se regir\u00e1 por la normativa espa\u00f1ola vigente y ser\u00e1n competentes para decidir sobre cualquier controversia que se pudiera suscitar entre el usuario y YOGA STUDIO SL, los juzgados o tribunales propios de la localidad de Zaragoza.<\/p><p class=\"p4\"><b>CONDICIONES GENERALES DE VENTA<\/b><\/p><p class=\"p4\">Ya sea mediante confirmaci\u00f3n del correspondiente campo en el proceso de pedido, o bien si Usted hace uso efectivo del servicio, quedar\u00e1n aceptadas las condiciones de uso de VIDHA YOGA STUDIO SL En tal caso, Usted reconoce que VIDHA YOGA STUDIO SL considere el uso del servicio como reconocimiento de las condiciones de uso.<\/p><p class=\"p4\">As\u00ed compra Usted una clase suelta, suscripci\u00f3n mes de yoga ilimitado o un bono en www.vidhahotyoga.com<\/p><p class=\"p4\">1 .Elija el producto que quiere comprar.<\/p><ol class=\"ol1\"><li class=\"li5\"><span class=\"s1\">Elija el n\u00famero deseado de bonos.<\/span><\/li><li class=\"li5\"><span class=\"s1\">Introduzca su nombre y su email, as\u00ed como los datos de su tarjeta de cr\u00e9dito.<\/span><\/li><li class=\"li5\"><span class=\"s1\">Su declaraci\u00f3n de voluntad de compra queda emitida mediante la confirmaci\u00f3n de las condiciones de uso y presi\u00f3n del bot\u00f3n \u00abcomprar\u00bb. La aceptaci\u00f3n del contrato de compra venta por parte de VIDHA YOGA STUDIO SL tiene lugar con la confirmaci\u00f3n en forma de env\u00edo de un n\u00famero de pedido.<\/span><\/li><li class=\"li5\"><span class=\"s1\">La venta del producto no se produce hasta que VIDHA YOGA STUDIO SL no haya registrado con \u00e9xito el cobro. En caso de no tener \u00e9xito con el primer intento de cobro (por ej. porque no exista la cuenta indicada o no disponga de saldo suficiente, el n\u00famero de la tarjeta de cr\u00e9dito sea err\u00f3neo o la misma est\u00e9 al l\u00edmite) tampoco se producir\u00e1 la venta del producto.<\/span><\/li><li class=\"li5\"><span class=\"s1\">VIDHA YOGA STUDIO SL se reserva el derecho de modificar en cualquier momento el alcance y las funciones de su p\u00e1gina Web, de limitarlas o cancelarlas. Aunque nos esforzamos por ofrecer nuestro servicio sin molestias t\u00e9cnicas, en particular, los trabajos de mantenimiento, la continuaci\u00f3n del desarrollo y\/o otras molestias pueden limitar y\/o parcialmente interrumpir las posibilidades de uso. Bajo determinadas circunstancias se pueden producir aqu\u00ed p\u00e9rdidas de datos VIDHA YOGA STUDIO SL no asume por ello garant\u00eda alguna sobre la disponibilidad del servicio o la ausencia de molestias t\u00e9cnicas o p\u00e9rdidas de datos<\/span><\/li><\/ol><p class=\"p4\"><b>PRECIOS Y PAGOS<\/b><\/p><p class=\"p4\">Los precios reflejados en nuestra la web incluyen el I.V.A.<\/p><p class=\"p4\">VIDHA YOGA STUDIO SL se reserva el derecho de variar el precio de los art\u00edculos sin previo aviso de acuerdo con las condiciones del mercado. Los precios publicados en nuestro cat\u00e1logo no constituyen una oferta y por lo tanto obligaci\u00f3n de ser suministrados a dicho precio en todos los casos. Todas las facturas \/ albaranes de compra son pagaderas a la fecha mostrada en las mismas.<\/p><p class=\"p4\"><b>DEVOLUCIONES Y GARANT\u00cdA<\/b><\/p><p class=\"p4\">Los bonos y suscripciones son personales e intransferibles y no se admiten devoluciones una vez se haya activado los bonos\/ suscripciones.<\/p><p class=\"p4\">AVISO: La informaci\u00f3n contenida en esta web tiene car\u00e1cter meramente informativo y no puede ser considerada como sustitutiva de la prescripci\u00f3n, diagn\u00f3stico o tratamiento m\u00e9dico. Si tiene cualquier enfermedad o dolencia le recomendamos que consulte con un profesional de la salud.<\/p><p class=\"p4\">VIDHA YOGA STUDIO SL no se responsabiliza por las informaciones, comentarios y contenido en general expuesto en esta web ni por lo enlazado a otras web (siendo su funci\u00f3n meramente informativa), as\u00ed como tampoco por los productos mencionados en esta p\u00e1gina web y su idoneidad<\/p>\t\t\t\t\t\t\t\t<\/div>\n\t\t\t\t<\/div>\n\t\t\t\t\t<\/div>\n\t\t\t\t<\/div>\n\t\t\t\t<\/div>\n\t\t","protected":false},"excerpt":{"rendered":"<p>Aviso Legal y Pol\u00edtica de Privacidad T\u00e9rminos y condiciones En cumplimiento de la Ley 34\/2002, de 11 de julio, de servicios de la sociedad de la informaci\u00f3n y de comercio electr\u00f3nico, VIDHA YOGA STUDIO SL, de acuerdo con la exigencia del art\u00edculo 10 de la citada Ley, informa de los siguientes datos: El titular de [&hellip;]<\/p>\n","protected":false},"author":1,"featured_media":0,"parent":0,"menu_order":0,"comment_status":"closed","ping_status":"closed","template":"","meta":{"_acf_changed":false,"footnotes":""},"class_list":["post-1320","page","type-page","status-publish","hentry"],"acf":[],"publishpress_future_action":{"enabled":false,"date":"2026-05-16 12:29:09","action":"change-status","newStatus":"draft","terms":[],"taxonomy":"","extraData":[]},"publishpress_future_workflow_manual_trigger":{"enabledWorkflows":[]},"_links":{"self":[{"href":"https:\/\/vidhahotyoga.com\/nueva\/wp-json\/wp\/v2\/pages\/1320","targetHints":{"allow":["GET"]}}],"collection":[{"href":"https:\/\/vidhahotyoga.com\/nueva\/wp-json\/wp\/v2\/pages"}],"about":[{"href":"https:\/\/vidhahotyoga.com\/nueva\/wp-json\/wp\/v2\/types\/page"}],"author":[{"embeddable":true,"href":"https:\/\/vidhahotyoga.com\/nueva\/wp-json\/wp\/v2\/users\/1"}],"replies":[{"embeddable":true,"href":"https:\/\/vidhahotyoga.com\/nueva\/wp-json\/wp\/v2\/comments?post=1320"}],"version-history":[{"count":13,"href":"https:\/\/vidhahotyoga.com\/nueva\/wp-json\/wp\/v2\/pages\/1320\/revisions"}],"predecessor-version":[{"id":5218,"href":"https:\/\/vidhahotyoga.com\/nueva\/wp-json\/wp\/v2\/pages\/1320\/revisions\/5218"}],"wp:attachment":[{"href":"https:\/\/vidhahotyoga.com\/nueva\/wp-json\/wp\/v2\/media?parent=1320"}],"curies":[{"name":"wp","href":"https:\/\/api.w.org\/{rel}","templated":true}]}}